{"id":12000,"date":"2024-11-16T12:41:07","date_gmt":"2024-11-16T12:41:07","guid":{"rendered":"https:\/\/www.happyshuttle.cab\/wp77\/?page_id=12000"},"modified":"2024-12-10T10:37:50","modified_gmt":"2024-12-10T10:37:50","slug":"informacao-legal","status":"publish","type":"page","link":"https:\/\/www.happyshuttle.cab\/pt-br\/informacao-legal\/","title":{"rendered":"Informa\u00e7\u00e3o Legal"},"content":{"rendered":"\t\t<div data-elementor-type=\"wp-page\" data-elementor-id=\"12000\" class=\"elementor elementor-12000 elementor-10118\">\n\t\t\t\t<div class=\"elementor-element elementor-element-9c5c13e e-con-full e-flex e-con e-parent\" data-id=\"9c5c13e\" data-element_type=\"container\" data-e-type=\"container\">\n\t\t<div class=\"elementor-element elementor-element-41df74a bg-section e-flex e-con-boxed e-con e-child\" data-id=\"41df74a\" data-element_type=\"container\" data-e-type=\"container\" data-settings=\"{&quot;background_background&quot;:&quot;classic&quot;}\">\n\t\t\t\t\t<div class=\"e-con-inner\">\n\t\t<div class=\"elementor-element elementor-element-024839b e-con-full e-flex e-con e-child\" data-id=\"024839b\" data-element_type=\"container\" data-e-type=\"container\">\n\t\t\t\t<div class=\"elementor-element elementor-element-c3bd570 at-heading-animation at-animation-heading-style-3 elementor-widget elementor-widget-heading\" data-id=\"c3bd570\" data-element_type=\"widget\" data-e-type=\"widget\" data-widget_type=\"heading.default\">\n\t\t\t\t\t<h1 class=\"elementor-heading-title elementor-size-default\">Informa\u00e7\u00e3o Legal<\/h1>\t\t\t\t<\/div>\n\t\t\t\t<div class=\"elementor-element elementor-element-c1edb20 breadcrumb-style elementor-invisible elementor-widget elementor-widget-elementskit-breadcrumb\" data-id=\"c1edb20\" data-element_type=\"widget\" data-e-type=\"widget\" data-settings=\"{&quot;_animation&quot;:&quot;fadeInUp&quot;}\" data-widget_type=\"elementskit-breadcrumb.default\">\n\t\t\t\t<div class=\"elementor-widget-container\">\n\t\t\t\t\t<div class=\"ekit-wid-con\" ><ol class=\"ekit-breadcrumb\"><li class=\"ekit_breadcrumbs_start\"><a href=\"https:\/\/www.happyshuttle.cab\/pt-br\/\">In\u00edcio<\/a><\/li> <li class=\"brd_sep\"><span class=\"separate_icon\"><svg xmlns=\"http:\/\/www.w3.org\/2000\/svg\" width=\"7\" height=\"12\" viewBox=\"0 0 7 12\"><path d=\"M0.283883 11.68L4.95988 0.129999H6.70988L2.03388 11.68H0.283883Z\" fill=\"white\"><\/path><\/svg><\/span><\/li>  <li>Informa\u00e7\u00e3o Legal<\/li><\/ol><\/div>\t\t\t\t<\/div>\n\t\t\t\t<\/div>\n\t\t\t\t<\/div>\n\t\t\t\t\t<\/div>\n\t\t\t\t<\/div>\n\t\t\t\t<\/div>\n\t\t<div class=\"elementor-element elementor-element-585283d e-flex e-con-boxed e-con e-parent\" data-id=\"585283d\" data-element_type=\"container\" data-e-type=\"container\">\n\t\t\t\t\t<div class=\"e-con-inner\">\n\t\t<div class=\"elementor-element elementor-element-334a460 e-con-full e-flex e-con e-child\" data-id=\"334a460\" data-element_type=\"container\" data-e-type=\"container\">\n\t\t<div class=\"elementor-element elementor-element-2695c89 e-con-full sticky-column e-flex e-con e-child\" data-id=\"2695c89\" data-element_type=\"container\" data-e-type=\"container\">\n\t\t\t\t<div class=\"elementor-element elementor-element-0a1453d elementor-widget elementor-widget-novaride-elementor-template\" data-id=\"0a1453d\" data-element_type=\"widget\" data-e-type=\"widget\" data-widget_type=\"novaride-elementor-template.default\">\n\t\t\t\t<div class=\"elementor-widget-container\">\n\t\t\t\t\t\t\t<div class=\"elementor-template\">\n\t\t\t\t\t<div data-elementor-type=\"section\" data-elementor-id=\"13635\" class=\"elementor elementor-13635 elementor-13433 elementor-13433\">\n\t\t\t\t<div class=\"elementor-element elementor-element-b9efcca e-con-full e-flex e-con e-child\" data-id=\"b9efcca\" data-element_type=\"container\" data-e-type=\"container\">\n\t\t<div class=\"elementor-element elementor-element-ea8c693 e-con-full elementor-hidden-tablet elementor-hidden-mobile e-flex e-con e-child\" data-id=\"ea8c693\" data-element_type=\"container\" data-e-type=\"container\" data-settings=\"{&quot;background_background&quot;:&quot;classic&quot;,&quot;animation&quot;:&quot;none&quot;}\">\n\t\t\t\t<div class=\"elementor-element elementor-element-6476ba6 elementor-hidden-tablet elementor-hidden-mobile at-heading-animation at-animation-heading-none elementor-widget elementor-widget-heading\" data-id=\"6476ba6\" data-element_type=\"widget\" data-e-type=\"widget\" data-widget_type=\"heading.default\">\n\t\t\t\t\t<h3 class=\"elementor-heading-title elementor-size-default\">Transporte Aeroportos<\/h3>\t\t\t\t<\/div>\n\t\t\t\t<div class=\"elementor-element elementor-element-0b070d0 elementor-align-start faq-category-box elementor-hidden-tablet elementor-hidden-mobile elementor-icon-list--layout-traditional elementor-list-item-link-full_width elementor-widget elementor-widget-icon-list\" data-id=\"0b070d0\" data-element_type=\"widget\" data-e-type=\"widget\" data-widget_type=\"icon-list.default\">\n\t\t\t\t\t\t\t<ul class=\"elementor-icon-list-items\">\n\t\t\t\t\t\t\t<li class=\"elementor-icon-list-item\">\n\t\t\t\t\t\t\t\t\t\t\t<a href=\"https:\/\/www.happyshuttle.cab\/pt-br\/paris-orly-transfer\">\n\n\t\t\t\t\t\t\t\t\t\t\t\t<span class=\"elementor-icon-list-icon\">\n\t\t\t\t\t\t\t<svg xmlns=\"http:\/\/www.w3.org\/2000\/svg\" width=\"14\" height=\"14\" viewBox=\"0 0 14 14\" fill=\"none\"><path d=\"M11.6654 3.97592L1.64141 13.9999L-0.00537109 12.3531L10.0174 2.32914H1.18372V-0.00012207H13.9946V12.8108H11.6654V3.97592Z\" fill=\"white\"><\/path><\/svg>\t\t\t\t\t\t<\/span>\n\t\t\t\t\t\t\t\t\t\t<span class=\"elementor-icon-list-text\">Traslado Orly<\/span>\n\t\t\t\t\t\t\t\t\t\t\t<\/a>\n\t\t\t\t\t\t\t\t\t<\/li>\n\t\t\t\t\t\t\t\t<li class=\"elementor-icon-list-item\">\n\t\t\t\t\t\t\t\t\t\t\t<a href=\"https:\/\/www.happyshuttle.cab\/pt-br\/cdg-transfer\">\n\n\t\t\t\t\t\t\t\t\t\t\t\t<span class=\"elementor-icon-list-icon\">\n\t\t\t\t\t\t\t<svg xmlns=\"http:\/\/www.w3.org\/2000\/svg\" width=\"14\" height=\"14\" viewBox=\"0 0 14 14\" fill=\"none\"><path d=\"M11.6654 3.97592L1.64141 13.9999L-0.00537109 12.3531L10.0174 2.32914H1.18372V-0.00012207H13.9946V12.8108H11.6654V3.97592Z\" fill=\"white\"><\/path><\/svg>\t\t\t\t\t\t<\/span>\n\t\t\t\t\t\t\t\t\t\t<span class=\"elementor-icon-list-text\">Traslados CDG<\/span>\n\t\t\t\t\t\t\t\t\t\t\t<\/a>\n\t\t\t\t\t\t\t\t\t<\/li>\n\t\t\t\t\t\t\t\t<li class=\"elementor-icon-list-item\">\n\t\t\t\t\t\t\t\t\t\t\t<a href=\"https:\/\/www.happyshuttle.cab\/pt-br\/beauvais-transfer\">\n\n\t\t\t\t\t\t\t\t\t\t\t\t<span class=\"elementor-icon-list-icon\">\n\t\t\t\t\t\t\t<svg xmlns=\"http:\/\/www.w3.org\/2000\/svg\" width=\"14\" height=\"14\" viewBox=\"0 0 14 14\" fill=\"none\"><path d=\"M11.6654 3.97592L1.64141 13.9999L-0.00537109 12.3531L10.0174 2.32914H1.18372V-0.00012207H13.9946V12.8108H11.6654V3.97592Z\" fill=\"white\"><\/path><\/svg>\t\t\t\t\t\t<\/span>\n\t\t\t\t\t\t\t\t\t\t<span class=\"elementor-icon-list-text\">Traslados Beauvais<\/span>\n\t\t\t\t\t\t\t\t\t\t\t<\/a>\n\t\t\t\t\t\t\t\t\t<\/li>\n\t\t\t\t\t\t\t\t<li class=\"elementor-icon-list-item\">\n\t\t\t\t\t\t\t\t\t\t\t<a href=\"https:\/\/www.happyshuttle.cab\/pt-br\/transfer-cdg-disney-paris\">\n\n\t\t\t\t\t\t\t\t\t\t\t\t<span class=\"elementor-icon-list-icon\">\n\t\t\t\t\t\t\t<svg xmlns=\"http:\/\/www.w3.org\/2000\/svg\" width=\"14\" height=\"14\" viewBox=\"0 0 14 14\" fill=\"none\"><path d=\"M11.6654 3.97592L1.64141 13.9999L-0.00537109 12.3531L10.0174 2.32914H1.18372V-0.00012207H13.9946V12.8108H11.6654V3.97592Z\" fill=\"white\"><\/path><\/svg>\t\t\t\t\t\t<\/span>\n\t\t\t\t\t\t\t\t\t\t<span class=\"elementor-icon-list-text\">Traslado CDG Disney<\/span>\n\t\t\t\t\t\t\t\t\t\t\t<\/a>\n\t\t\t\t\t\t\t\t\t<\/li>\n\t\t\t\t\t\t\t\t<li class=\"elementor-icon-list-item\">\n\t\t\t\t\t\t\t\t\t\t\t<a href=\"https:\/\/www.happyshuttle.cab\/pt-br\/transfer-orly-disney-paris\">\n\n\t\t\t\t\t\t\t\t\t\t\t\t<span class=\"elementor-icon-list-icon\">\n\t\t\t\t\t\t\t<svg xmlns=\"http:\/\/www.w3.org\/2000\/svg\" width=\"14\" height=\"14\" viewBox=\"0 0 14 14\" fill=\"none\"><path d=\"M11.6654 3.97592L1.64141 13.9999L-0.00537109 12.3531L10.0174 2.32914H1.18372V-0.00012207H13.9946V12.8108H11.6654V3.97592Z\" fill=\"white\"><\/path><\/svg>\t\t\t\t\t\t<\/span>\n\t\t\t\t\t\t\t\t\t\t<span class=\"elementor-icon-list-text\">Traslado Orly Disney<\/span>\n\t\t\t\t\t\t\t\t\t\t\t<\/a>\n\t\t\t\t\t\t\t\t\t<\/li>\n\t\t\t\t\t\t\t\t<li class=\"elementor-icon-list-item\">\n\t\t\t\t\t\t\t\t\t\t\t<a href=\"https:\/\/www.happyshuttle.cab\/pt-br\/transfer-beauvais-disney\">\n\n\t\t\t\t\t\t\t\t\t\t\t\t<span class=\"elementor-icon-list-icon\">\n\t\t\t\t\t\t\t<svg xmlns=\"http:\/\/www.w3.org\/2000\/svg\" width=\"14\" height=\"14\" viewBox=\"0 0 14 14\" fill=\"none\"><path d=\"M11.6654 3.97592L1.64141 13.9999L-0.00537109 12.3531L10.0174 2.32914H1.18372V-0.00012207H13.9946V12.8108H11.6654V3.97592Z\" fill=\"white\"><\/path><\/svg>\t\t\t\t\t\t<\/span>\n\t\t\t\t\t\t\t\t\t\t<span class=\"elementor-icon-list-text\">Traslado Beauvais Disney<\/span>\n\t\t\t\t\t\t\t\t\t\t\t<\/a>\n\t\t\t\t\t\t\t\t\t<\/li>\n\t\t\t\t\t\t\t\t<li class=\"elementor-icon-list-item\">\n\t\t\t\t\t\t\t\t\t\t\t<a href=\"https:\/\/www.happyshuttle.cab\/pt-br\/transfers-paris-a-eurodisney\">\n\n\t\t\t\t\t\t\t\t\t\t\t\t<span class=\"elementor-icon-list-icon\">\n\t\t\t\t\t\t\t<svg xmlns=\"http:\/\/www.w3.org\/2000\/svg\" width=\"14\" height=\"14\" viewBox=\"0 0 14 14\" fill=\"none\"><path d=\"M11.6654 3.97592L1.64141 13.9999L-0.00537109 12.3531L10.0174 2.32914H1.18372V-0.00012207H13.9946V12.8108H11.6654V3.97592Z\" fill=\"white\"><\/path><\/svg>\t\t\t\t\t\t<\/span>\n\t\t\t\t\t\t\t\t\t\t<span class=\"elementor-icon-list-text\">Traslado Paris Disney<\/span>\n\t\t\t\t\t\t\t\t\t\t\t<\/a>\n\t\t\t\t\t\t\t\t\t<\/li>\n\t\t\t\t\t\t<\/ul>\n\t\t\t\t\t\t<\/div>\n\t\t\t\t<\/div>\n\t\t<div class=\"elementor-element elementor-element-8b0eb9c e-con-full e-flex e-con e-child\" data-id=\"8b0eb9c\" data-element_type=\"container\" data-e-type=\"container\" data-settings=\"{&quot;background_background&quot;:&quot;classic&quot;,&quot;animation&quot;:&quot;none&quot;,&quot;animation_delay&quot;:100}\">\n\t\t\t\t<div class=\"elementor-element elementor-element-d8353ab sidebar-cta-box ekit-equal-height-disable elementor-widget elementor-widget-elementskit-icon-box\" data-id=\"d8353ab\" data-element_type=\"widget\" data-e-type=\"widget\" data-widget_type=\"elementskit-icon-box.default\">\n\t\t\t\t\t<div class=\"ekit-wid-con\" >        <!-- link opening -->\n                <!-- end link opening -->\n\n        <div class=\"elementskit-infobox text-center text- icon-top-align elementor-animation-   \">\n                    <div class=\"elementskit-box-header elementor-animation-\">\n                <div class=\"elementskit-info-box-icon  \">\n                    <svg xmlns=\"http:\/\/www.w3.org\/2000\/svg\" width=\"65\" height=\"65\" viewBox=\"0 0 65 65\" fill=\"none\"><g clip-path=\"url(#clip0_289_129)\"><path fill-rule=\"evenodd\" clip-rule=\"evenodd\" d=\"M22.062 1.06889C13.9889 1.98101 6.6399 7.20251 3.00227 14.6108C-0.402229 21.5444 -0.331729 29.7253 3.19127 36.5228L3.8584 37.8099L2.23265 43.6911C1.33865 46.9259 0.633646 49.5991 0.666146 49.6316C0.698646 49.6641 3.3719 48.9591 6.60665 48.0651L12.4879 46.4394L13.775 47.1065C16.5264 48.5325 19.7059 49.444 22.962 49.7405L23.862 49.8224L24.1981 50.8415C26.1905 56.8839 31.1394 61.8105 37.268 63.8529C39.678 64.656 40.8833 64.8438 43.687 64.8528C45.6155 64.8589 46.4728 64.8078 47.437 64.629C49.1945 64.3033 51.4725 63.541 53.0461 62.7523L54.3871 62.08L59.3298 63.4485C62.0483 64.2013 64.2996 64.7899 64.3329 64.7566C64.3661 64.7234 63.7775 62.472 63.0248 59.7535L61.6563 54.8109L62.3285 53.4699C63.1173 51.8963 63.8795 49.6183 64.2053 47.8608C64.384 46.8965 64.4351 46.0393 64.429 44.1108C64.42 41.307 64.2323 40.1018 63.4291 37.6918C61.3868 31.5631 56.4601 26.6143 50.4178 24.6219L49.3986 24.2858L49.3164 23.3858C48.3323 12.6103 40.6635 3.81564 30.2349 1.50264C27.7008 0.940638 24.6368 0.778013 22.062 1.06889ZM22.7495 4.81189C15.7369 5.60614 9.58915 9.89714 6.41827 16.2106C4.81252 19.4078 4.02377 23.5231 4.35102 26.9959C4.43152 27.8498 4.5859 28.9843 4.69415 29.517C5.13965 31.7103 6.28165 34.5468 7.46127 36.3899C7.71502 36.7864 7.9154 37.1951 7.90665 37.2983C7.89777 37.4014 7.46852 39.0033 6.95277 40.858C6.43702 42.7128 6.02677 44.2421 6.04115 44.2566C6.05565 44.271 7.58502 43.8608 9.43977 43.345C11.2945 42.8293 12.8964 42.4 12.9995 42.3911C13.1026 42.3824 13.5114 42.5828 13.9079 42.8365C14.9808 43.5231 16.6678 44.3429 17.937 44.7944C24.0388 46.9649 30.7515 46.193 36.1245 42.7033C42.507 38.5579 46.1975 31.11 45.5196 23.7426C45.334 21.7246 45.1015 20.5923 44.5016 18.7851C42.81 13.6881 38.9851 9.30189 34.0871 6.84201C30.7231 5.15251 26.4685 4.39064 22.7495 4.81189ZM22.8745 12.4648C19.9044 13.346 17.8145 15.8673 17.4433 19.017L17.3659 19.6733H19.3078H21.2495V19.3205C21.2495 18.2119 22.2516 16.8004 23.4021 16.2886C24.8645 15.6381 26.6163 16.0088 27.6819 17.194C28.3899 17.9814 28.6669 18.7978 28.604 19.9113C28.5249 21.3101 28.2568 21.6796 25.4655 24.2358L23.0085 26.4858L23.004 28.767L22.9995 31.0483H24.937H26.8745V29.5653V28.0821L28.6736 26.444C30.9936 24.3315 31.6644 23.4104 32.1974 21.6054C32.4918 20.6083 32.4916 18.7396 32.1971 17.7358C31.0015 13.6609 26.8173 11.295 22.8745 12.4648ZM49.185 28.6523C49.1454 28.9044 48.9719 29.7751 48.7994 30.5871C47.0328 38.9043 40.7881 45.843 32.6306 48.5533C31.4079 48.9595 30.5933 49.1545 28.1436 49.6275C27.7678 49.7 27.8233 49.9508 28.5604 51.512C30.8435 56.3476 35.3703 59.8038 40.8278 60.8776C42.4696 61.2008 45.4213 61.1751 47.062 60.8236C49.2644 60.3518 51.1494 59.6075 52.828 58.5475C53.2626 58.2729 53.7183 58.0486 53.8401 58.0491C53.9621 58.0496 55.1581 58.355 56.4978 58.728C57.8374 59.1009 58.9446 59.3948 58.9584 59.381C58.9721 59.3673 58.6785 58.2603 58.306 56.9209C57.9334 55.5816 57.6276 54.3846 57.6265 54.261C57.6254 54.1374 57.8206 53.7296 58.0604 53.3549C59.1264 51.6885 59.9323 49.6718 60.3961 47.5093C60.6138 46.4953 60.6689 45.8283 60.6668 44.2358C60.6638 41.9915 60.4249 40.5446 59.7344 38.5873C58.1269 34.0308 54.5964 30.3634 50.0318 28.5086L49.257 28.1938L49.185 28.6523ZM22.9995 36.6733V38.5483H24.937H26.8745V36.6733V34.7983H24.937H22.9995V36.6733Z\" fill=\"#FF3600\"><\/path><\/g><defs><clipPath id=\"clip0_289_129\"><rect width=\"64\" height=\"64\" fill=\"white\" transform=\"translate(0.5 0.923462)\"><\/rect><\/clipPath><\/defs><\/svg>\n                <\/div>\n          <\/div>\n                        <div class=\"box-body\">\n                            <h3 class=\"elementskit-info-box-title\">\n                    Estime o seu transfer?                <\/h3>\n                        \t\t  \t<p>Obtenha uma estimativa instant\u00e2nea e reserve a sua viagem em poucos cliques.\n\n\n\n<\/p>\n                                        <div class=\"box-footer disable_hover_button\">\n                    <div class=\"btn-wraper\">\n                                                            <a class=\"elementskit-btn whitespace--normal\" href=\"https:\/\/www.happyshuttle.cab\/pt-br\/reserve-agora\/\">\n                                        Estimar agora                                                                            <\/a>\n                                                        <\/div>\n                <\/div>\n                    <\/div>\n        \n        \n                <\/div>\n        <\/div>\t\t\t\t<\/div>\n\t\t\t\t<\/div>\n\t\t\t\t<\/div>\n\t\t\t\t<\/div>\n\t\t\t\t<\/div>\n\t\t\t\t\t\t<\/div>\n\t\t\t\t<\/div>\n\t\t\t\t<\/div>\n\t\t\t\t<\/div>\n\t\t<div class=\"elementor-element elementor-element-ba8132e e-con-full e-flex e-con e-child\" data-id=\"ba8132e\" data-element_type=\"container\" data-e-type=\"container\">\n\t\t<div class=\"elementor-element elementor-element-4e9434e e-con-full e-flex e-con e-child\" data-id=\"4e9434e\" data-element_type=\"container\" data-e-type=\"container\">\n\t\t\t\t<div class=\"elementor-element elementor-element-51e748c at-heading-animation at-animation-heading-style-3 elementor-widget elementor-widget-heading\" data-id=\"51e748c\" data-element_type=\"widget\" data-e-type=\"widget\" data-widget_type=\"heading.default\">\n\t\t\t\t\t<h2 class=\"elementor-heading-title elementor-size-default\">Informa\u00e7\u00e3o Legal<\/h2>\t\t\t\t<\/div>\n\t\t\t\t<div class=\"elementor-element elementor-element-ca37462 elementor-invisible elementor-widget elementor-widget-text-editor\" data-id=\"ca37462\" data-element_type=\"widget\" data-e-type=\"widget\" data-settings=\"{&quot;_animation&quot;:&quot;fadeInUp&quot;,&quot;_animation_delay&quot;:100}\" data-widget_type=\"text-editor.default\">\n\t\t\t\t\t\t\t\t\t<strong>Pol\u00edtica de Privacidade<\/strong>\n<p>A Happy Shuttle compromete-se a proteger a sua privacidade. Coletamos apenas as informa\u00e7\u00f5es que voc\u00ea nos fornece voluntariamente por meio de e-mails ou comunica\u00e7\u00e3o direta, e n\u00e3o venderemos nem alugaremos essas informa\u00e7\u00f5es para terceiros.<\/p>\n\n<strong>Seguran\u00e7a de Dados<\/strong>\n<p>Adotamos medidas rigorosas para proteger suas informa\u00e7\u00f5es. Dados sens\u00edveis, como detalhes de pagamento, s\u00e3o criptografados e transmitidos com seguran\u00e7a. Voc\u00ea pode verificar essa prote\u00e7\u00e3o procurando o \u00edcone de um cadeado fechado ou &#8220;https&#8221; na barra de endere\u00e7os do seu navegador. Apenas os funcion\u00e1rios autorizados que precisam dessas informa\u00e7\u00f5es para realizar suas fun\u00e7\u00f5es (como faturamento ou atendimento ao cliente) t\u00eam acesso aos dados pessoais. Todos os dados s\u00e3o armazenados em um ambiente seguro.<\/p>\n\n<strong>Informa\u00e7\u00f5es de Registro<\/strong>\n<p>Algumas \u00e1reas do nosso site podem exigir registro. Se voc\u00ea se registrar, podemos solicitar informa\u00e7\u00f5es como seu nome e endere\u00e7o de e-mail, que ser\u00e3o usados exclusivamente para entrar em contato com voc\u00ea sobre nossos servi\u00e7os.<\/p>\n\n<strong>Cookies<\/strong>\n<p>Nosso site usa cookies para melhorar o acesso e otimizar a experi\u00eancia do usu\u00e1rio. Os cookies nos ajudam a reconhecer visitantes recorrentes e a personalizar o conte\u00fado do site de acordo com seus interesses. Embora os cookies n\u00e3o estejam vinculados a informa\u00e7\u00f5es pessoais em nosso site, alguns parceiros tamb\u00e9m podem usar cookies, os quais n\u00e3o controlamos.<\/p>\n\n<strong>Propriedade Intelectual<\/strong>\n<p>Todo o conte\u00fado do site, incluindo gr\u00e1ficos, imagens, logotipos e textos, \u00e9 de propriedade da Happy Shuttle e \u00e9 protegido pelas leis de propriedade intelectual. O uso n\u00e3o autorizado de qualquer parte do conte\u00fado sem permiss\u00e3o pode resultar em penalidades, conforme definido pelo c\u00f3digo de propriedade intelectual franc\u00eas e acordos internacionais.<\/p>\n\n<strong>Hospedagem do Site<\/strong>\n<p>Host: o2switch<br>\nEndere\u00e7o: Chem. des Pardiaux, 63000 Clermont-Ferrand<br>\nTelefone: 04 44 44 60 40<\/p>\n\t\t\t\t\t\t\t\t<\/div>\n\t\t\t\t<\/div>\n\t\t<div class=\"elementor-element elementor-element-4bf166c e-con-full e-flex e-con e-child\" data-id=\"4bf166c\" data-element_type=\"container\" data-e-type=\"container\">\n\t\t\t\t<div class=\"elementor-element elementor-element-bc31644 elementor-align-start column-2 elementor-icon-list--layout-traditional elementor-list-item-link-full_width elementor-invisible elementor-widget elementor-widget-icon-list\" data-id=\"bc31644\" data-element_type=\"widget\" data-e-type=\"widget\" data-settings=\"{&quot;_animation&quot;:&quot;fadeInUp&quot;,&quot;_animation_delay&quot;:100}\" data-widget_type=\"icon-list.default\">\n\t\t\t\t\t\t\t<ul class=\"elementor-icon-list-items\">\n\t\t\t\t\t\t\t<li class=\"elementor-icon-list-item\">\n\t\t\t\t\t\t\t\t\t\t\t<span class=\"elementor-icon-list-icon\">\n\t\t\t\t\t\t\t<svg aria-hidden=\"true\" class=\"e-font-icon-svg e-fas-check-circle\" viewBox=\"0 0 512 512\" xmlns=\"http:\/\/www.w3.org\/2000\/svg\"><path d=\"M504 256c0 136.967-111.033 248-248 248S8 392.967 8 256 119.033 8 256 8s248 111.033 248 248zM227.314 387.314l184-184c6.248-6.248 6.248-16.379 0-22.627l-22.627-22.627c-6.248-6.249-16.379-6.249-22.628 0L216 308.118l-70.059-70.059c-6.248-6.248-16.379-6.248-22.628 0l-22.627 22.627c-6.248 6.248-6.248 16.379 0 22.627l104 104c6.249 6.249 16.379 6.249 22.628.001z\"><\/path><\/svg>\t\t\t\t\t\t<\/span>\n\t\t\t\t\t\t\t\t\t\t<span class=\"elementor-icon-list-text\">Servi\u00e7o exclusivo de transfer privado<\/span>\n\t\t\t\t\t\t\t\t\t<\/li>\n\t\t\t\t\t\t\t\t<li class=\"elementor-icon-list-item\">\n\t\t\t\t\t\t\t\t\t\t\t<span class=\"elementor-icon-list-icon\">\n\t\t\t\t\t\t\t<svg aria-hidden=\"true\" class=\"e-font-icon-svg e-fas-check-circle\" viewBox=\"0 0 512 512\" xmlns=\"http:\/\/www.w3.org\/2000\/svg\"><path d=\"M504 256c0 136.967-111.033 248-248 248S8 392.967 8 256 119.033 8 256 8s248 111.033 248 248zM227.314 387.314l184-184c6.248-6.248 6.248-16.379 0-22.627l-22.627-22.627c-6.248-6.249-16.379-6.249-22.628 0L216 308.118l-70.059-70.059c-6.248-6.248-16.379-6.248-22.628 0l-22.627 22.627c-6.248 6.248-6.248 16.379 0 22.627l104 104c6.249 6.249 16.379 6.249 22.628.001z\"><\/path><\/svg>\t\t\t\t\t\t<\/span>\n\t\t\t\t\t\t\t\t\t\t<span class=\"elementor-icon-list-text\">Cancelamento gratuito at\u00e9 5 horas antes<\/span>\n\t\t\t\t\t\t\t\t\t<\/li>\n\t\t\t\t\t\t\t\t<li class=\"elementor-icon-list-item\">\n\t\t\t\t\t\t\t\t\t\t\t<span class=\"elementor-icon-list-icon\">\n\t\t\t\t\t\t\t<svg aria-hidden=\"true\" class=\"e-font-icon-svg e-fas-check-circle\" viewBox=\"0 0 512 512\" xmlns=\"http:\/\/www.w3.org\/2000\/svg\"><path d=\"M504 256c0 136.967-111.033 248-248 248S8 392.967 8 256 119.033 8 256 8s248 111.033 248 248zM227.314 387.314l184-184c6.248-6.248 6.248-16.379 0-22.627l-22.627-22.627c-6.248-6.249-16.379-6.249-22.628 0L216 308.118l-70.059-70.059c-6.248-6.248-16.379-6.248-22.628 0l-22.627 22.627c-6.248 6.248-6.248 16.379 0 22.627l104 104c6.249 6.249 16.379 6.249 22.628.001z\"><\/path><\/svg>\t\t\t\t\t\t<\/span>\n\t\t\t\t\t\t\t\t\t\t<span class=\"elementor-icon-list-text\">Assentos infantis gratuitos sob solicita\u00e7\u00e3o<\/span>\n\t\t\t\t\t\t\t\t\t<\/li>\n\t\t\t\t\t\t\t\t<li class=\"elementor-icon-list-item\">\n\t\t\t\t\t\t\t\t\t\t\t<span class=\"elementor-icon-list-icon\">\n\t\t\t\t\t\t\t<svg aria-hidden=\"true\" class=\"e-font-icon-svg e-fas-check-circle\" viewBox=\"0 0 512 512\" xmlns=\"http:\/\/www.w3.org\/2000\/svg\"><path d=\"M504 256c0 136.967-111.033 248-248 248S8 392.967 8 256 119.033 8 256 8s248 111.033 248 248zM227.314 387.314l184-184c6.248-6.248 6.248-16.379 0-22.627l-22.627-22.627c-6.248-6.249-16.379-6.249-22.628 0L216 308.118l-70.059-70.059c-6.248-6.248-16.379-6.248-22.628 0l-22.627 22.627c-6.248 6.248-6.248 16.379 0 22.627l104 104c6.249 6.249 16.379 6.249 22.628.001z\"><\/path><\/svg>\t\t\t\t\t\t<\/span>\n\t\t\t\t\t\t\t\t\t\t<span class=\"elementor-icon-list-text\">Pre\u00e7os fixos, sem taxas ocultas<\/span>\n\t\t\t\t\t\t\t\t\t<\/li>\n\t\t\t\t\t\t<\/ul>\n\t\t\t\t\t\t<\/div>\n\t\t\t\t<\/div>\n\t\t\t\t<\/div>\n\t\t\t\t\t<\/div>\n\t\t\t\t<\/div>\n\t\t\t\t<\/div>\n\t\t","protected":false},"excerpt":{"rendered":"<p>Informa\u00e7\u00e3o Legal Home Transporte Aeroportos Traslado Orly Traslados CDG Traslados Beauvais Traslado [&hellip;]<\/p>\n","protected":false},"author":1,"featured_media":0,"parent":0,"menu_order":0,"comment_status":"closed","ping_status":"closed","template":"elementor_header_footer","meta":{"slim_seo":{"title":"Servi\u00e7o Barra lateral \u00fanica - Happy Shuttle Paris","description":"O nosso transfer para o aeroporto Transfer do aeroporto de Orly Transferes do aeroporto CDG Transfer\u00eancias do aeroporto de Beauvais Transfer\u00eancia CDG Disney Tra"},"footnotes":""},"class_list":["post-12000","page","type-page","status-publish","hentry"],"_links":{"self":[{"href":"https:\/\/www.happyshuttle.cab\/pt-br\/wp-json\/wp\/v2\/pages\/12000","targetHints":{"allow":["GET"]}}],"collection":[{"href":"https:\/\/www.happyshuttle.cab\/pt-br\/wp-json\/wp\/v2\/pages"}],"about":[{"href":"https:\/\/www.happyshuttle.cab\/pt-br\/wp-json\/wp\/v2\/types\/page"}],"author":[{"embeddable":true,"href":"https:\/\/www.happyshuttle.cab\/pt-br\/wp-json\/wp\/v2\/users\/1"}],"replies":[{"embeddable":true,"href":"https:\/\/www.happyshuttle.cab\/pt-br\/wp-json\/wp\/v2\/comments?post=12000"}],"version-history":[{"count":0,"href":"https:\/\/www.happyshuttle.cab\/pt-br\/wp-json\/wp\/v2\/pages\/12000\/revisions"}],"wp:attachment":[{"href":"https:\/\/www.happyshuttle.cab\/pt-br\/wp-json\/wp\/v2\/media?parent=12000"}],"curies":[{"name":"wp","href":"https:\/\/api.w.org\/{rel}","templated":true}]}}